{"id":892,"date":"2021-04-30T19:11:57","date_gmt":"2021-04-30T17:11:57","guid":{"rendered":"http:\/\/clg-cmonetbussy.fr\/?page_id=892"},"modified":"2021-04-30T20:21:03","modified_gmt":"2021-04-30T18:21:03","slug":"les-tdah","status":"publish","type":"page","link":"https:\/\/clg-cmonetbussy.fr\/index.php\/les-tdah\/","title":{"rendered":"LES TDAH"},"content":{"rendered":"<p><img loading=\"lazy\" decoding=\"async\" class=\"size-full wp-image-896 alignright\" src=\"https:\/\/clg-cmonetbussy.fr\/wp-content\/uploads\/2021\/04\/TDAH-LOGO.png\" alt=\"\" width=\"120\" height=\"120\" \/><\/p>\n<p><img loading=\"lazy\" decoding=\"async\" class=\"alignnone wp-image-894\" src=\"https:\/\/clg-cmonetbussy.fr\/wp-content\/uploads\/2021\/04\/TDAH.png\" alt=\"\" width=\"700\" height=\"743\" \/><\/p>\n<ul>\n<li><span style=\"color: #333333; font-family: georgia, palatino, serif; font-size: 12pt;\">Pour plus d\u2019informations sur les troubles TDAH, consultez le lien suivant :<\/span><\/li>\n<\/ul>\n<p><a href=\"https:\/\/www.tdah-france.fr\/-Description-vecu-du-TDAH-Trouble-Deficit-de-l-Attention-Hyperactivite-.html\" target=\"_blank\" rel=\"noopener\"><img loading=\"lazy\" decoding=\"async\" class=\"alignnone size-full wp-image-898\" src=\"https:\/\/clg-cmonetbussy.fr\/wp-content\/uploads\/2021\/04\/TDAH-Site.jpg\" alt=\"\" width=\"197\" height=\"120\" srcset=\"https:\/\/clg-cmonetbussy.fr\/wp-content\/uploads\/2021\/04\/TDAH-Site.jpg 197w, https:\/\/clg-cmonetbussy.fr\/wp-content\/uploads\/2021\/04\/TDAH-Site-150x91.jpg 150w\" sizes=\"auto, (max-width: 197px) 100vw, 197px\" \/><\/a><\/p>\n<ul>\n<li style=\"text-align: justify;\"><span style=\"font-size: 12pt; font-family: georgia, palatino, serif; color: #333333;\">Vous pouvez aussi consulter ce document r\u00e9dig\u00e9 dans l&rsquo;\u00e9quipe du service de psychopathologie de l&rsquo;enfant et de l&rsquo;adolescent de l&rsquo;h\u00f4pital Robert-Debr\u00e9 (Assistance Publique &#8211; H\u00f4pitaux de Paris)<\/span><\/li>\n<\/ul>\n<div class=\"_3d-flip-book  fb3d-thumbnail-lightbox-mode\" data-id=\"900\" data-mode=\"thumbnail-lightbox\" data-title=\"false\" data-template=\"short-white-book-view\" data-lightbox=\"dark-shadow\" data-urlparam=\"fb3d-page\" data-page-n=\"0\" data-pdf=\"\" data-tax=\"null\" data-thumbnail=\"\" data-cols=\"3\" data-book-template=\"default\" data-trigger=\"\"><\/div><script type=\"text\/javascript\">window.FB3D_CLIENT_DATA = window.FB3D_CLIENT_DATA || [];FB3D_CLIENT_DATA.push('eyJwb3N0cyI6eyI5MDAiOnsiSUQiOjkwMCwidGl0bGUiOiJUREFIIiwidHlwZSI6InBkZiIsInJlYWR5X2Z1bmN0aW9uIjoiIiwiYm9va19zdHlsZSI6InZvbHVtZS1wYWRkaW5ncyIsImJvb2tfdGVtcGxhdGUiOiJub25lIiwib3V0bGluZSI6W10sImRhdGEiOnsicG9zdF9JRCI6IjkwMSIsImd1aWQiOiJodHRwOlwvXC9jbGctY21vbmV0YnVzc3kuZnJcL3dwLWNvbnRlbnRcL3VwbG9hZHNcLzIwMjFcLzA0XC9UREFILUVjb2xlLnBkZiIsInBkZl9wYWdlcyI6IjgiLCJwYWdlc19jdXN0b21pemF0aW9uIjoibm9uZSJ9LCJ0aHVtYm5haWwiOnsiZGF0YSI6eyJwb3N0X0lEIjoiMCJ9LCJ0eXBlIjoiYXV0byJ9LCJwcm9wcyI6eyJjYWNoZWRQYWdlcyI6ImF1dG8iLCJyZW5kZXJJbmFjdGl2ZVBhZ2VzIjoiYXV0byIsInJlbmRlckluYWN0aXZlUGFnZXNPbk1vYmlsZSI6ImF1dG8iLCJyZW5kZXJXaGlsZUZsaXBwaW5nIjoiYXV0byIsInByZWxvYWRQYWdlcyI6ImF1dG8iLCJydGwiOiJhdXRvIiwiaW50ZXJhY3RpdmVDb3JuZXJzIjoiYXV0byIsInNoZWV0Ijp7InN0YXJ0VmVsb2NpdHkiOiJhdXRvIiwid2F2ZSI6ImF1dG8iLCJ3aWR0aFRleGVscyI6ImF1dG8iLCJjb2xvciI6ImF1dG8iLCJzaWRlIjoiYXV0byIsImNvcm5lckRldmlhdGlvbiI6ImF1dG8iLCJmbGV4aWJpbGl0eSI6ImF1dG8iLCJmbGV4aWJsZUNvcm5lciI6ImF1dG8iLCJiZW5kaW5nIjoiYXV0byIsImhlaWdodFRleGVscyI6ImF1dG8ifSwiY292ZXIiOnsid2F2ZSI6ImF1dG8iLCJjb2xvciI6ImF1dG8iLCJiaW5kZXJUZXh0dXJlIjoiYXV0byIsImRlcHRoIjoiYXV0byIsInBhZGRpbmciOiJhdXRvIiwic3RhcnRWZWxvY2l0eSI6ImF1dG8iLCJmbGV4aWJpbGl0eSI6ImF1dG8iLCJmbGV4aWJsZUNvcm5lciI6ImF1dG8iLCJiZW5kaW5nIjoiYXV0byIsIndpZHRoVGV4ZWxzIjoiYXV0byIsImhlaWdodFRleGVscyI6ImF1dG8iLCJtYXNzIjoiYXV0byIsInNpZGUiOiJhdXRvIn0sInBhZ2UiOnsid2F2ZSI6ImF1dG8iLCJjb2xvciI6ImF1dG8iLCJkZXB0aCI6ImF1dG8iLCJzdGFydFZlbG9jaXR5IjoiYXV0byIsImZsZXhpYmlsaXR5IjoiYXV0byIsImZsZXhpYmxlQ29ybmVyIjoiYXV0byIsImJlbmRpbmciOiJhdXRvIiwid2lkdGhUZXhlbHMiOiJhdXRvIiwiaGVpZ2h0VGV4ZWxzIjoiYXV0byIsIm1hc3MiOiJhdXRvIiwic2lkZSI6ImF1dG8ifSwiaGVpZ2h0IjoiYXV0byIsIndpZHRoIjoiYXV0byIsImdyYXZpdHkiOiJhdXRvIiwicGFnZXNGb3JQcmVkaWN0aW5nIjoiYXV0byJ9LCJjb250cm9sUHJvcHMiOnsiYWN0aW9ucyI6eyJjbWRTYXZlIjp7ImVuYWJsZWQiOiJhdXRvIiwiZW5hYmxlZEluTmFycm93IjoiYXV0byJ9LCJjbWRQcmludCI6eyJlbmFibGVkIjoiYXV0byIsImVuYWJsZWRJbk5hcnJvdyI6ImF1dG8ifSwiY21kU2luZ2xlUGFnZSI6eyJlbmFibGVkIjoiYXV0byIsImVuYWJsZWRJbk5hcnJvdyI6ImF1dG8iLCJhY3RpdmUiOiJhdXRvIiwiYWN0aXZlRm9yTW9iaWxlIjoiYXV0byJ9fX0sImF1dG9UaHVtYm5haWwiOiJodHRwczpcL1wvY2xnLWNtb25ldGJ1c3N5LmZyXC93cC1jb250ZW50XC91cGxvYWRzXC8zZC1mbGlwLWJvb2tcL2F1dG8tdGh1bWJuYWlsc1wvOTAwLnBuZyIsInBvc3RfbmFtZSI6InRkYWgiLCJwb3N0X3R5cGUiOiIzZC1mbGlwLWJvb2sifX0sInBhZ2VzIjpbXSwiZmlyc3RQYWdlcyI6W119');window.FB3D_CLIENT_LOCALE && FB3D_CLIENT_LOCALE.render && FB3D_CLIENT_LOCALE.render();<\/script>\n","protected":false},"excerpt":{"rendered":"<p>Pour plus d\u2019informations sur les troubles TDAH, consultez le lien&#8230; <a class=\"continue-reading-link\" href=\"https:\/\/clg-cmonetbussy.fr\/index.php\/les-tdah\/\">Lire la suite&#8230; <span class=\"meta-nav\">&rarr; <\/span><\/a><\/p>\n","protected":false},"author":1,"featured_media":0,"parent":0,"menu_order":0,"comment_status":"closed","ping_status":"closed","template":"templates\/template-onecolumn.php","meta":{"footnotes":""},"class_list":["post-892","page","type-page","status-publish","hentry"],"jetpack_sharing_enabled":true,"_links":{"self":[{"href":"https:\/\/clg-cmonetbussy.fr\/index.php\/wp-json\/wp\/v2\/pages\/892","targetHints":{"allow":["GET"]}}],"collection":[{"href":"https:\/\/clg-cmonetbussy.fr\/index.php\/wp-json\/wp\/v2\/pages"}],"about":[{"href":"https:\/\/clg-cmonetbussy.fr\/index.php\/wp-json\/wp\/v2\/types\/page"}],"author":[{"embeddable":true,"href":"https:\/\/clg-cmonetbussy.fr\/index.php\/wp-json\/wp\/v2\/users\/1"}],"replies":[{"embeddable":true,"href":"https:\/\/clg-cmonetbussy.fr\/index.php\/wp-json\/wp\/v2\/comments?post=892"}],"version-history":[{"count":6,"href":"https:\/\/clg-cmonetbussy.fr\/index.php\/wp-json\/wp\/v2\/pages\/892\/revisions"}],"predecessor-version":[{"id":903,"href":"https:\/\/clg-cmonetbussy.fr\/index.php\/wp-json\/wp\/v2\/pages\/892\/revisions\/903"}],"wp:attachment":[{"href":"https:\/\/clg-cmonetbussy.fr\/index.php\/wp-json\/wp\/v2\/media?parent=892"}],"curies":[{"name":"wp","href":"https:\/\/api.w.org\/{rel}","templated":true}]}}