{"id":685,"date":"2021-04-26T16:45:16","date_gmt":"2021-04-26T14:45:16","guid":{"rendered":"http:\/\/clg-cmonetbussy.fr\/?page_id=685"},"modified":"2021-09-27T09:41:28","modified_gmt":"2021-09-27T07:41:28","slug":"stage-de-3e-en-entreprise-2","status":"publish","type":"page","link":"https:\/\/clg-cmonetbussy.fr\/index.php\/stage-de-3e-en-entreprise-2\/","title":{"rendered":"LE STAGE DE 3e EN ENTREPRISE"},"content":{"rendered":"<h3><img loading=\"lazy\" decoding=\"async\" class=\"size-full wp-image-683 alignright\" src=\"https:\/\/clg-cmonetbussy.fr\/wp-content\/uploads\/2021\/04\/Stage-3e.png\" alt=\"\" width=\"214\" height=\"120\" srcset=\"https:\/\/clg-cmonetbussy.fr\/wp-content\/uploads\/2021\/04\/Stage-3e.png 214w, https:\/\/clg-cmonetbussy.fr\/wp-content\/uploads\/2021\/04\/Stage-3e-150x84.png 150w\" sizes=\"auto, (max-width: 214px) 100vw, 214px\" \/><\/h3>\n<h3><span style=\"font-size: 18pt; font-family: georgia, palatino, serif; color: #000000;\">QUELS SONT LES OBJECTIFS DU STAGE DE 3<sup>e<\/sup> ?<\/span><\/h3>\n<p style=\"text-align: justify;\"><span style=\"font-size: 12pt; color: #333333;\">Le stage de 3<sup>e<\/sup> \u00a0est l\u2019occasion de\u00a0<strong>d\u00e9couvrir le monde du travail, partager le quotidien de professionnels et b\u00e9n\u00e9ficier d\u2019une exp\u00e9rience concr\u00e8te<\/strong>. Il est aussi l\u2019occasion pour les \u00e9l\u00e8ves de gagner en autonomie, de prendre confiance dans un nouvel environnement et de permettre, \u00e9ventuellement, de confirmer un projet d\u2019orientation.<\/span><\/p>\n<p><span style=\"font-size: 12pt; color: #333333;\">L\u2019ambition du stage n\u2019est donc pas tant de permettre aux \u00e9l\u00e8ves de confirmer ou d\u2019invalider une hypoth\u00e8se d\u2019orientation professionnelle, que d\u2019enrichir leur culture g\u00e9n\u00e9rale citoyenne en leur faisant d\u00e9couvrir :\u00a0<\/span><\/p>\n<ul>\n<li><span style=\"font-size: 12pt; color: #333333;\">le monde \u00e9conomique et professionnel dans sa diversit\u00e9\u00a0<\/span><\/li>\n<li><span style=\"font-size: 12pt; color: #333333;\">un environnement tr\u00e8s diff\u00e9rent du milieu scolaire, dans une grande autonomie\u00a0<\/span><\/li>\n<li><span style=\"font-size: 12pt; color: #333333;\">les r\u00e9alit\u00e9s concr\u00e8tes du travail d\u00e9construisant certains pr\u00e9jug\u00e9s\u00a0<\/span><\/li>\n<li><span style=\"font-size: 12pt; color: #333333;\">les comp\u00e9tences et le savoir-\u00eatre n\u00e9cessaires \u00e0 l\u2019exercice de certains m\u00e9tiers<\/span><\/li>\n<\/ul>\n<p style=\"text-align: justify;\"><span style=\"font-size: 12pt; color: #333333;\"><strong>Les \u00e9l\u00e8ves et leurs familles doivent \u00eatre activement impliqu\u00e9s dans la recherche et le choix des lieux du stage<\/strong>. Les \u00e9quipes p\u00e9dagogiques sont \u00e0 leur \u00e9coute pour permettre aux \u00e9l\u00e8ves de donner de donner du sens \u00e0 ce moment d\u2019observation du monde professionnel.\u00a0<\/span><\/p>\n<h3><span style=\"font-size: 18pt; color: #000000; font-family: georgia, palatino, serif;\">QUELLES SONT LES MODALIT\u00c9S DU STAGE DE 3<sup>e<\/sup> ?<\/span><\/h3>\n<p style=\"text-align: justify;\"><span style=\"font-size: 12pt; color: #333333;\"><strong>Le stage concerne principalement les \u00e9l\u00e8ves de 3<sup>e<\/sup>, \u00e0 partir de 14 ans<\/strong>. Depuis 2019, la loi relative \u00e0 la libert\u00e9 de choisir son avenir professionnel autorise les \u00e9l\u00e8ves de moins de 14 ans, des classes de 4<sup>e<\/sup> ou de 3<sup>e<\/sup>, \u00e0 effectuer leur s\u00e9quence d\u2019observation dans une entreprise r\u00e9gie par le droit priv\u00e9.<\/span><\/p>\n<p style=\"text-align: justify;\"><span style=\"font-size: 12pt; color: #333333;\"><strong>D&rsquo;une dur\u00e9e de 5 jours<\/strong>\u00a0cons\u00e9cutifs ou non, individuellement ou collectivement,\u00a0<strong>il est obligatoire pour tous les \u00e9l\u00e8ves de 3<sup>e<\/sup><\/strong>. Ce stage peut aussi \u00eatre divis\u00e9 en plusieurs p\u00e9riodes, de 3 jours puis de 2 jours par exemple.<\/span><\/p>\n<p style=\"text-align: justify;\"><span style=\"font-size: 12pt; color: #333333;\">\u00c0 titre exceptionnel, les stages d&rsquo;observation en milieu professionnel peuvent \u00eatre envisag\u00e9s dans des lieux \u00e9loign\u00e9s de l&rsquo;\u00e9tablissement d&rsquo;enseignement ou du domicile de la famille.<\/span><\/p>\n<p style=\"text-align: justify;\"><span style=\"font-size: 12pt; color: #333333;\"><strong>Une convention obligatoire<\/strong>, sign\u00e9e entre l&rsquo;\u00e9tablissement et l&rsquo;entreprise ou l&rsquo;organisme d&rsquo;accueil, d\u00e9taille les conditions d&rsquo;encadrement et de suivi de l&rsquo;\u00e9l\u00e8ve, et garantit les conditions de s\u00e9curit\u00e9, conform\u00e9ment aux dispositions du code du travail.<\/span><\/p>\n<p style=\"text-align: justify;\"><span style=\"font-size: 12pt; color: #333333;\">Le stage de 3<sup>e<\/sup> est pr\u00e9c\u00e9d\u00e9\u00a0d&rsquo;un temps de pr\u00e9paration et suivi d&rsquo;un temps d&rsquo;exploitation ou de restitution. Les \u00e9l\u00e8ves peuvent\u00a0s\u2019y exprimer sur ce qu\u2019ils y ont vu, et revenir sur leurs activit\u00e9s et leurs impressions.<\/span><\/p>\n","protected":false},"excerpt":{"rendered":"<p>QUELS SONT LES OBJECTIFS DU STAGE DE 3e ? Le&#8230; <a class=\"continue-reading-link\" href=\"https:\/\/clg-cmonetbussy.fr\/index.php\/stage-de-3e-en-entreprise-2\/\">Lire la suite&#8230; <span class=\"meta-nav\">&rarr; <\/span><\/a><\/p>\n","protected":false},"author":1,"featured_media":0,"parent":0,"menu_order":0,"comment_status":"closed","ping_status":"closed","template":"templates\/template-onecolumn.php","meta":{"footnotes":""},"class_list":["post-685","page","type-page","status-publish","hentry"],"jetpack_sharing_enabled":true,"_links":{"self":[{"href":"https:\/\/clg-cmonetbussy.fr\/index.php\/wp-json\/wp\/v2\/pages\/685","targetHints":{"allow":["GET"]}}],"collection":[{"href":"https:\/\/clg-cmonetbussy.fr\/index.php\/wp-json\/wp\/v2\/pages"}],"about":[{"href":"https:\/\/clg-cmonetbussy.fr\/index.php\/wp-json\/wp\/v2\/types\/page"}],"author":[{"embeddable":true,"href":"https:\/\/clg-cmonetbussy.fr\/index.php\/wp-json\/wp\/v2\/users\/1"}],"replies":[{"embeddable":true,"href":"https:\/\/clg-cmonetbussy.fr\/index.php\/wp-json\/wp\/v2\/comments?post=685"}],"version-history":[{"count":3,"href":"https:\/\/clg-cmonetbussy.fr\/index.php\/wp-json\/wp\/v2\/pages\/685\/revisions"}],"predecessor-version":[{"id":1139,"href":"https:\/\/clg-cmonetbussy.fr\/index.php\/wp-json\/wp\/v2\/pages\/685\/revisions\/1139"}],"wp:attachment":[{"href":"https:\/\/clg-cmonetbussy.fr\/index.php\/wp-json\/wp\/v2\/media?parent=685"}],"curies":[{"name":"wp","href":"https:\/\/api.w.org\/{rel}","templated":true}]}}