{"id":38,"date":"2021-04-10T19:59:51","date_gmt":"2021-04-10T17:59:51","guid":{"rendered":"http:\/\/clg-cmonetbussy.fr\/?page_id=38"},"modified":"2021-09-27T09:38:22","modified_gmt":"2021-09-27T07:38:22","slug":"ent77-2","status":"publish","type":"page","link":"https:\/\/clg-cmonetbussy.fr\/index.php\/ent77-2\/","title":{"rendered":"L&rsquo;ENT77"},"content":{"rendered":"<h3><img loading=\"lazy\" decoding=\"async\" class=\"size-full wp-image-542 alignright\" src=\"https:\/\/clg-cmonetbussy.fr\/wp-content\/uploads\/2021\/04\/ENT77-e1618424532955.png\" alt=\"\" width=\"120\" height=\"120\" \/><\/h3>\n<h3><span style=\"font-size: 18pt; color: #000000; font-family: georgia, palatino, serif;\">L\u2019Espace Num\u00e9rique de Travail des Parents<\/span><\/h3>\n<div class=\"ezxmltext-field\">\n<p style=\"text-align: justify;\"><span style=\"font-size: 12pt; color: #333333;\">Les parents sont parmi les principaux b\u00e9n\u00e9ficiaires de l\u2019E.N.T, au m\u00eame titre que les \u00e9l\u00e8ves, enseignants et personnels de l\u2019administration. Chaque parent peut acc\u00e9der aux informations relatives \u00e0 la scolarit\u00e9 de son enfant.<\/span><\/p>\n<ul>\n<li style=\"text-align: justify;\"><span style=\"font-size: 12pt; color: #333333;\">Le\u00a0<strong>cahier de textes en ligne<\/strong>\u00a0qui permet de suivre la progression des cours, d&rsquo;acc\u00e9der aux \u00e9ventuels documents associ\u00e9s, et d&rsquo;\u00eatre inform\u00e9 en temps r\u00e9el des contr\u00f4les et devoirs \u00e0 effectuer dans toutes les disciplines.<\/span><\/li>\n<li style=\"text-align: justify;\"><span style=\"font-size: 12pt; color: #333333;\">Les\u00a0<strong>notes<\/strong>\u00a0et\u00a0<strong>appr\u00e9ciations<\/strong>\u00a0\u00e9ventuelles des professeurs.<\/span><\/li>\n<li style=\"text-align: justify;\"><span style=\"font-size: 12pt; color: #333333;\">Une\u00a0<strong>messagerie<\/strong>\u00a0facilitant la communication avec les enseignants.<\/span><\/li>\n<li style=\"text-align: justify;\"><span style=\"font-size: 12pt; color: #333333;\">La situation des\u00a0<strong>absences<\/strong>\u00a0qui peuvent \u00eatre connues en temps r\u00e9el.<\/span><\/li>\n<li style=\"text-align: justify;\"><span style=\"font-size: 12pt; color: #333333;\">Une\u00a0<strong>information<\/strong>\u00a0relative \u00e0 toutes les r\u00e9unions et \u00e9v\u00e9nements qui ont lieu au cours de l\u2019ann\u00e9e scolaire.<\/span><\/li>\n<\/ul>\n<p><span style=\"font-size: 12pt; color: #333333;\">L\u2019ENT est un lien indispensable qui permet aux parents de s\u2019associer \u00e0 l\u2019\u00e9ducation de leur enfant au coll\u00e8ge.<\/span><\/p>\n<h3><em><strong><span style=\"font-size: 14pt;\">Avertissements<\/span><\/strong><\/em><\/h3>\n<p style=\"text-align: justify;\"><span style=\"color: #333333; font-size: 12pt;\">Vous recevrez vos identifiants de connexion \u00e0 l&rsquo;ENT soit directement sur votre bo\u00eete mail soit par le biais de votre enfant. Lors de votre premi\u00e8re connexion :<\/span><\/p>\n<ul>\n<li style=\"text-align: justify;\"><span style=\"color: #333333; font-size: 12pt;\">Notez votre identifiant et le mot de passe que vous allez choisir sur une feuille que vous conserverez chez vous.<\/span><\/li>\n<li style=\"text-align: justify;\"><span style=\"color: #333333; font-size: 12pt;\">Prenez le temps de bien v\u00e9rifier l&rsquo;<strong>adresse \u00e9lectronique<\/strong> que vous allez utiliser : Il ne doit pas y avoir d&rsquo;erreur dans la syntaxe. Elle servira en cas de perte du mot de passe.<\/span><\/li>\n<\/ul>\n<p style=\"text-align: justify;\"><span style=\"color: #333333; font-size: 12pt;\">En cas de changement d&rsquo;adresse \u00e9lectronique, il est imp\u00e9ratif de la modifier dans la rubrique <strong>Mon Compte<\/strong>.<\/span><\/p>\n<p style=\"text-align: justify;\"><span style=\"color: #333333; font-size: 12pt;\">Enfin, si vous souhaitez \u00eatre joint plus facilement par l&rsquo;\u00e9tablissement, n&rsquo;oubliez pas d&rsquo;indiquer\u00a0un num\u00e9ro de <strong>t\u00e9l\u00e9phone portable<\/strong>.\u00a0<\/span><\/p>\n<h3><em><strong><span style=\"font-size: 14pt;\">Tutoriels<\/span><\/strong><\/em><\/h3>\n<ul>\n<li>\n<div><span style=\"font-size: 12pt;\"><a title=\"Activer son compte sur l'ENT 77.\" href=\"https:\/\/ent-prod.seine-et-marne.fr\/content\/download\/1825\/10176\/file\/Activer-Compte.pdf\" type=\"application\/pdf\">Activer son compte sur l&rsquo;ENT 77.\u00a0(503,84 kB)<\/a><\/span><\/div>\n<\/li>\n<li>\n<div><span style=\"font-size: 12pt;\"><a title=\"Prise en main de l'ENT 77\" href=\"https:\/\/ent-prod.seine-et-marne.fr\/content\/download\/1788\/9961\/file\/Prise-en-main.pdf\" type=\"application\/pdf\">Prise en main de l&rsquo;ENT 77\u00a0(872,35 kB)<\/a><\/span><\/div>\n<\/li>\n<li>\n<div><span style=\"font-size: 12pt;\"><a title=\"Installer et se connecter \u00e0 l'application mobile (iOS &amp; Android)\" href=\"https:\/\/ent-prod.seine-et-marne.fr\/content\/download\/2626\/15606\/file\/Application-Mobile.pdf\" type=\"application\/pdf\">Installer et se connecter \u00e0 l&rsquo;application mobile (iOS &amp; Android)\u00a0(892,26 kB)<\/a><\/span><\/div>\n<\/li>\n<\/ul>\n<\/div>\n<div style=\"width: 100%;\">\n<div style=\"position: relative; padding-bottom: 56.25%; padding-top: 0; height: 0;\"><iframe loading=\"lazy\" style=\"position: absolute; top: 0; left: 0; width: 100%; height: 100%;\" src=\"https:\/\/view.genial.ly\/5f175cb71bf1030d92660a21\" width=\"1200\" height=\"675\" frameborder=\"0\" scrolling=\"yes\" allowfullscreen=\"allowfullscreen\"><\/iframe><\/div>\n<\/div>\n","protected":false},"excerpt":{"rendered":"<p>L\u2019Espace Num\u00e9rique de Travail des Parents Les parents sont parmi&#8230; <a class=\"continue-reading-link\" href=\"https:\/\/clg-cmonetbussy.fr\/index.php\/ent77-2\/\">Lire la suite&#8230; <span class=\"meta-nav\">&rarr; <\/span><\/a><\/p>\n","protected":false},"author":1,"featured_media":0,"parent":0,"menu_order":0,"comment_status":"closed","ping_status":"closed","template":"templates\/template-onecolumn.php","meta":{"footnotes":""},"class_list":["post-38","page","type-page","status-publish","hentry"],"jetpack_sharing_enabled":true,"_links":{"self":[{"href":"https:\/\/clg-cmonetbussy.fr\/index.php\/wp-json\/wp\/v2\/pages\/38","targetHints":{"allow":["GET"]}}],"collection":[{"href":"https:\/\/clg-cmonetbussy.fr\/index.php\/wp-json\/wp\/v2\/pages"}],"about":[{"href":"https:\/\/clg-cmonetbussy.fr\/index.php\/wp-json\/wp\/v2\/types\/page"}],"author":[{"embeddable":true,"href":"https:\/\/clg-cmonetbussy.fr\/index.php\/wp-json\/wp\/v2\/users\/1"}],"replies":[{"embeddable":true,"href":"https:\/\/clg-cmonetbussy.fr\/index.php\/wp-json\/wp\/v2\/comments?post=38"}],"version-history":[{"count":16,"href":"https:\/\/clg-cmonetbussy.fr\/index.php\/wp-json\/wp\/v2\/pages\/38\/revisions"}],"predecessor-version":[{"id":1133,"href":"https:\/\/clg-cmonetbussy.fr\/index.php\/wp-json\/wp\/v2\/pages\/38\/revisions\/1133"}],"wp:attachment":[{"href":"https:\/\/clg-cmonetbussy.fr\/index.php\/wp-json\/wp\/v2\/media?parent=38"}],"curies":[{"name":"wp","href":"https:\/\/api.w.org\/{rel}","templated":true}]}}