{"id":26,"date":"2021-04-10T19:50:21","date_gmt":"2021-04-10T17:50:21","guid":{"rendered":"http:\/\/clg-cmonetbussy.fr\/?page_id=26"},"modified":"2023-04-06T11:54:46","modified_gmt":"2023-04-06T09:54:46","slug":"assr","status":"publish","type":"page","link":"https:\/\/clg-cmonetbussy.fr\/index.php\/assr\/","title":{"rendered":"L&rsquo;ASSR"},"content":{"rendered":"<p><img loading=\"lazy\" decoding=\"async\" class=\"size-full wp-image-579 alignright\" src=\"https:\/\/clg-cmonetbussy.fr\/wp-content\/uploads\/2021\/04\/ASSR.png\" alt=\"\" width=\"120\" height=\"120\" \/><\/p>\n<p style=\"text-align: justify;\"><span style=\"font-size: 12pt; color: #333333;\">Les attestations scolaires de s\u00e9curit\u00e9 routi\u00e8re (ASSR) s&rsquo;obtiennent dans le cadre d&rsquo;un enseignement obligatoire des r\u00e8gles de s\u00e9curit\u00e9 routi\u00e8re. Il y a deux niveaux : ASSR 1 et ASSR 2. Elles sont d\u00e9livr\u00e9es pendant le temps scolaire apr\u00e8s un contr\u00f4le des connaissances th\u00e9oriques. Vous devez avoir une de ces attestations pour passer la formation pratique du brevet de s\u00e9curit\u00e9 routi\u00e8re (BSR) qui vous permettra de conduire un scooter de 50 cm<sup>3<\/sup> ou une voiturette d\u00e8s l&rsquo;\u00e2ge de 14 ans . L&rsquo;ASSR de 2<sup>e<\/sup>\u00a0niveau est obligatoire pour obtenir un 1<sup>er<\/sup>\u00a0permis de conduire si vous avez moins de 21 ans.<\/span><\/p>\n<p><span style=\"font-size: 14pt;\"><em><strong>Site pour se pr\u00e9parer aux ASSR<\/strong><\/em><\/span><\/p>\n<ul>\n<li><a href=\"https:\/\/e-assr.education-securite-routiere.fr\/preparer\/assr\" target=\"_blank\" rel=\"noopener\"><span style=\"font-size: 12pt;\">Se pr\u00e9parer aux ASSR<\/span><\/a><\/li>\n<\/ul>\n<p>&nbsp;<\/p>\n","protected":false},"excerpt":{"rendered":"<p>Les attestations scolaires de s\u00e9curit\u00e9 routi\u00e8re (ASSR) s&rsquo;obtiennent dans le&#8230; <a class=\"continue-reading-link\" href=\"https:\/\/clg-cmonetbussy.fr\/index.php\/assr\/\">Lire la suite&#8230; <span class=\"meta-nav\">&rarr; <\/span><\/a><\/p>\n","protected":false},"author":1,"featured_media":0,"parent":0,"menu_order":0,"comment_status":"closed","ping_status":"closed","template":"templates\/template-onecolumn.php","meta":{"footnotes":""},"class_list":["post-26","page","type-page","status-publish","hentry"],"jetpack_sharing_enabled":true,"_links":{"self":[{"href":"https:\/\/clg-cmonetbussy.fr\/index.php\/wp-json\/wp\/v2\/pages\/26","targetHints":{"allow":["GET"]}}],"collection":[{"href":"https:\/\/clg-cmonetbussy.fr\/index.php\/wp-json\/wp\/v2\/pages"}],"about":[{"href":"https:\/\/clg-cmonetbussy.fr\/index.php\/wp-json\/wp\/v2\/types\/page"}],"author":[{"embeddable":true,"href":"https:\/\/clg-cmonetbussy.fr\/index.php\/wp-json\/wp\/v2\/users\/1"}],"replies":[{"embeddable":true,"href":"https:\/\/clg-cmonetbussy.fr\/index.php\/wp-json\/wp\/v2\/comments?post=26"}],"version-history":[{"count":8,"href":"https:\/\/clg-cmonetbussy.fr\/index.php\/wp-json\/wp\/v2\/pages\/26\/revisions"}],"predecessor-version":[{"id":2532,"href":"https:\/\/clg-cmonetbussy.fr\/index.php\/wp-json\/wp\/v2\/pages\/26\/revisions\/2532"}],"wp:attachment":[{"href":"https:\/\/clg-cmonetbussy.fr\/index.php\/wp-json\/wp\/v2\/media?parent=26"}],"curies":[{"name":"wp","href":"https:\/\/api.w.org\/{rel}","templated":true}]}}