{"id":242,"date":"2021-04-12T17:03:22","date_gmt":"2021-04-12T15:03:22","guid":{"rendered":"http:\/\/clg-cmonetbussy.fr\/?page_id=242"},"modified":"2021-04-13T22:49:55","modified_gmt":"2021-04-13T20:49:55","slug":"les-programmes","status":"publish","type":"page","link":"https:\/\/clg-cmonetbussy.fr\/index.php\/les-programmes\/","title":{"rendered":"LES PROGRAMMES"},"content":{"rendered":"<p style=\"text-align: justify;\"><img loading=\"lazy\" decoding=\"async\" class=\"size-full wp-image-243 alignright\" src=\"https:\/\/clg-cmonetbussy.fr\/wp-content\/uploads\/2021\/04\/cycles.png\" alt=\"\" width=\"120\" height=\"95\" \/><span style=\"font-size: 12pt;\"><span style=\"color: #333333;\">Les programmes au coll\u00e8ge d\u00e9finissent les connaissances essentielles et les m\u00e9thodes qui doivent \u00eatre acquises au cours du cycle par les \u00e9l\u00e8ves. Ils constituent le cadre national au sein duquel les enseignants organisent leurs enseignements en prenant en compte les rythmes d&rsquo;apprentissage de chaque \u00e9l\u00e8ve. Pour conna\u00eetre le contenu des programmes des cycles 3 et 4, consultez le lien suivant :<\/span> <a href=\"https:\/\/www.education.gouv.fr\/les-programmes-du-college-3203\" target=\"_blank\" rel=\"noopener\">Cycles 3 et 4 &#8211; programmes du coll\u00e8ge<\/a>.<\/span><\/p>\n<div><img loading=\"lazy\" decoding=\"async\" class=\"size-full wp-image-253 alignleft\" src=\"https:\/\/clg-cmonetbussy.fr\/wp-content\/uploads\/2021\/04\/cycles-enseignement.png\" alt=\"\" width=\"500\" height=\"167\" srcset=\"https:\/\/clg-cmonetbussy.fr\/wp-content\/uploads\/2021\/04\/cycles-enseignement.png 500w, https:\/\/clg-cmonetbussy.fr\/wp-content\/uploads\/2021\/04\/cycles-enseignement-300x100.png 300w, https:\/\/clg-cmonetbussy.fr\/wp-content\/uploads\/2021\/04\/cycles-enseignement-150x50.png 150w, https:\/\/clg-cmonetbussy.fr\/wp-content\/uploads\/2021\/04\/cycles-enseignement-250x84.png 250w\" sizes=\"auto, (max-width: 500px) 100vw, 500px\" \/><\/div>\n","protected":false},"excerpt":{"rendered":"<p>Les programmes au coll\u00e8ge d\u00e9finissent les connaissances essentielles et les&#8230; <a class=\"continue-reading-link\" href=\"https:\/\/clg-cmonetbussy.fr\/index.php\/les-programmes\/\">Lire la suite&#8230; <span class=\"meta-nav\">&rarr; <\/span><\/a><\/p>\n","protected":false},"author":1,"featured_media":0,"parent":0,"menu_order":0,"comment_status":"closed","ping_status":"closed","template":"templates\/template-onecolumn.php","meta":{"footnotes":""},"class_list":["post-242","page","type-page","status-publish","hentry"],"jetpack_sharing_enabled":true,"_links":{"self":[{"href":"https:\/\/clg-cmonetbussy.fr\/index.php\/wp-json\/wp\/v2\/pages\/242","targetHints":{"allow":["GET"]}}],"collection":[{"href":"https:\/\/clg-cmonetbussy.fr\/index.php\/wp-json\/wp\/v2\/pages"}],"about":[{"href":"https:\/\/clg-cmonetbussy.fr\/index.php\/wp-json\/wp\/v2\/types\/page"}],"author":[{"embeddable":true,"href":"https:\/\/clg-cmonetbussy.fr\/index.php\/wp-json\/wp\/v2\/users\/1"}],"replies":[{"embeddable":true,"href":"https:\/\/clg-cmonetbussy.fr\/index.php\/wp-json\/wp\/v2\/comments?post=242"}],"version-history":[{"count":18,"href":"https:\/\/clg-cmonetbussy.fr\/index.php\/wp-json\/wp\/v2\/pages\/242\/revisions"}],"predecessor-version":[{"id":406,"href":"https:\/\/clg-cmonetbussy.fr\/index.php\/wp-json\/wp\/v2\/pages\/242\/revisions\/406"}],"wp:attachment":[{"href":"https:\/\/clg-cmonetbussy.fr\/index.php\/wp-json\/wp\/v2\/media?parent=242"}],"curies":[{"name":"wp","href":"https:\/\/api.w.org\/{rel}","templated":true}]}}