{"id":179,"date":"2021-04-11T18:10:53","date_gmt":"2021-04-11T16:10:53","guid":{"rendered":"http:\/\/clg-cmonetbussy.fr\/?page_id=179"},"modified":"2021-04-13T22:50:31","modified_gmt":"2021-04-13T20:50:31","slug":"lulis","status":"publish","type":"page","link":"https:\/\/clg-cmonetbussy.fr\/index.php\/lulis\/","title":{"rendered":"L&rsquo;ULIS"},"content":{"rendered":"<h3><img loading=\"lazy\" decoding=\"async\" class=\"size-full wp-image-237 alignright\" src=\"https:\/\/clg-cmonetbussy.fr\/wp-content\/uploads\/2021\/04\/ulis.png\" alt=\"\" width=\"120\" height=\"120\" \/><\/h3>\n<p style=\"text-align: justify;\"><span style=\"color: #333333;\"><span style=\"font-size: 12pt;\">Les ULIS\u00a0<\/span>(unit\u00e9s localis\u00e9es pour l\u2019inclusion scolaire) <span style=\"font-size: 12pt;\">accueillent des \u00e9l\u00e8ves dont le handicap ne permet pas d\u2019envisager une scolarisation individuelle continue dans une classe ordinaire mais qui peuvent b\u00e9n\u00e9ficier, dans le cadre d\u2019un \u00e9tablissement scolaire du second degr\u00e9, d\u2019une scolarisation adapt\u00e9e.<\/span><\/span><\/p>\n<p style=\"text-align: justify;\"><span style=\"color: #333333;\"><span style=\"font-size: 12pt; text-align: left;\">L&rsquo;ULIS\u00a0 du coll\u00e8ge <\/span><span style=\"font-size: 12pt;\">accueille des \u00e9l\u00e8ves pr\u00e9sentant des troubles des fonctions cognitives. Encadr\u00e9s par un enseignant sp\u00e9cialis\u00e9 et d&rsquo;AESH (accompagnants des \u00e9l\u00e8ves en situation de handicap), ils re\u00e7oivent un enseignement adapt\u00e9 incluant autant qu\u2019il est possible des plages d&rsquo;inclusion dans leur classe de r\u00e9f\u00e9rence de l\u2019\u00e9tablissement.<\/span><\/span><\/p>\n<p style=\"text-align: justify;\"><span style=\"color: #333333; font-size: 12pt;\">Pour plus d\u2019informations sur les ULIS, consultez les liens suivants :<\/span><\/p>\n<ul>\n<li><a href=\"https:\/\/www.education.gouv.fr\/la-scolarisation-des-eleves-en-situation-de-handicap-1022\" target=\"_blank\" rel=\"noopener\">Site education.gouv.fr<\/a><\/li>\n<li><a href=\"https:\/\/eduscol.education.fr\/1164\/les-unites-localisees-pour-l-inclusion-scolaire-ulis\" target=\"_blank\" rel=\"noopener\">Site \u00e9DUSCOL<\/a><\/li>\n<\/ul>\n","protected":false},"excerpt":{"rendered":"<p>Les ULIS\u00a0(unit\u00e9s localis\u00e9es pour l\u2019inclusion scolaire) accueillent des \u00e9l\u00e8ves dont&#8230; <a class=\"continue-reading-link\" href=\"https:\/\/clg-cmonetbussy.fr\/index.php\/lulis\/\">Lire la suite&#8230; <span class=\"meta-nav\">&rarr; <\/span><\/a><\/p>\n","protected":false},"author":1,"featured_media":0,"parent":0,"menu_order":0,"comment_status":"closed","ping_status":"closed","template":"templates\/template-onecolumn.php","meta":{"footnotes":""},"class_list":["post-179","page","type-page","status-publish","hentry"],"jetpack_sharing_enabled":true,"_links":{"self":[{"href":"https:\/\/clg-cmonetbussy.fr\/index.php\/wp-json\/wp\/v2\/pages\/179","targetHints":{"allow":["GET"]}}],"collection":[{"href":"https:\/\/clg-cmonetbussy.fr\/index.php\/wp-json\/wp\/v2\/pages"}],"about":[{"href":"https:\/\/clg-cmonetbussy.fr\/index.php\/wp-json\/wp\/v2\/types\/page"}],"author":[{"embeddable":true,"href":"https:\/\/clg-cmonetbussy.fr\/index.php\/wp-json\/wp\/v2\/users\/1"}],"replies":[{"embeddable":true,"href":"https:\/\/clg-cmonetbussy.fr\/index.php\/wp-json\/wp\/v2\/comments?post=179"}],"version-history":[{"count":20,"href":"https:\/\/clg-cmonetbussy.fr\/index.php\/wp-json\/wp\/v2\/pages\/179\/revisions"}],"predecessor-version":[{"id":183,"href":"https:\/\/clg-cmonetbussy.fr\/index.php\/wp-json\/wp\/v2\/pages\/179\/revisions\/183"}],"wp:attachment":[{"href":"https:\/\/clg-cmonetbussy.fr\/index.php\/wp-json\/wp\/v2\/media?parent=179"}],"curies":[{"name":"wp","href":"https:\/\/api.w.org\/{rel}","templated":true}]}}