{"id":123,"date":"2023-09-01T01:00:02","date_gmt":"2023-08-31T23:00:02","guid":{"rendered":"http:\/\/clg-cmonetbussy.fr\/?page_id=123"},"modified":"2025-09-01T12:31:00","modified_gmt":"2025-09-01T10:31:00","slug":"presentation-du-college","status":"publish","type":"page","link":"https:\/\/clg-cmonetbussy.fr\/index.php\/presentation-du-college\/","title":{"rendered":"PR\u00c9SENTATION DU COLL\u00c8GE"},"content":{"rendered":"<h3><img loading=\"lazy\" decoding=\"async\" class=\"size-full wp-image-530 alignright\" src=\"https:\/\/clg-cmonetbussy.fr\/wp-content\/uploads\/2021\/04\/info.png\" alt=\"\" width=\"120\" height=\"120\" \/><\/h3>\n<h3><span style=\"font-size: 18pt; color: #000000; font-family: georgia, palatino, serif;\">HISTORIQUE DU COLL\u00c8GE<\/span><\/h3>\n<p style=\"text-align: justify;\" align=\"justify\"><span style=\"font-size: 12pt; color: #333333;\">Le coll\u00e8ge Claude Monet (anciennement nomm\u00e9 Coll\u00e8ge n\u00b03) a ouvert ses portes \u00e0 Bussy-Saint-Georges \u00e0 la rentr\u00e9e 2002. Initialement r\u00e9alis\u00e9 en modules pr\u00e9fabriqu\u00e9s et situ\u00e9 au Boulevard des Gen\u00eats, il a emm\u00e9nag\u00e9 dans sa structure d\u00e9finitive au Boulevard des Cent Arpents en avril 2008. En novembre 2017 pour des raisons de s\u00e9curit\u00e9, le coll\u00e8ge a d\u00fb se d\u00e9localiser un temps \u00e0 Magny le Hongre, pour ensuite revenir \u00e0 Bussy-Saint-Georges en janvier 2020, dans un b\u00e2timent de type industriel, \u00e0 quelques m\u00e8tres de l&rsquo;ancienne structure. En 2024, ce b\u00e2timent initialement pr\u00e9vu pour \u00eatre provisoire devient d\u00e9finitif.<\/span><\/p>\n<h3 align=\"justify\"><span style=\"font-size: 18pt; color: #000000;\">STRUCTURE DU COLL\u00c8GE<\/span><\/h3>\n<p align=\"justify\"><span style=\"font-size: 12pt; color: #333333;\">Cette ann\u00e9e scolaire, l\u2019\u00e9tablissement comporte 19 classes et une ULIS, r\u00e9parties ainsi :<\/span><\/p>\n<ul>\n<li><span style=\"font-family: georgia, palatino, serif; font-size: 12pt; color: #333333;\"><strong>4<\/strong> classes de 6<sup>e<\/sup><\/span><\/li>\n<li><span style=\"font-family: georgia, palatino, serif; font-size: 12pt; color: #333333;\"><strong>3<\/strong>\u00a0classes de 5<sup>e<\/sup><\/span><\/li>\n<li><span style=\"font-family: georgia, palatino, serif; font-size: 12pt; color: #333333;\"><strong>6<\/strong> classes de 4<sup>e<\/sup><\/span><\/li>\n<li><span style=\"font-family: georgia, palatino, serif; font-size: 12pt; color: #333333;\"><strong>6<\/strong>\u00a0classes de 3<sup>e<\/sup><\/span><\/li>\n<\/ul>\n<p><span style=\"font-size: 12pt; color: #333333;\">Le coll\u00e8ge propose les options suivantes\u00a0:<\/span><\/p>\n<ul>\n<li><span style=\"font-size: 12pt; color: #333333;\">Anglais\/Allemand bilangue (d\u00e8s la 6<sup>e<\/sup>)<\/span><\/li>\n<li><span style=\"font-size: 12pt; color: #333333;\">Latin (d\u00e8s la 5<sup>e<\/sup>)<\/span><\/li>\n<\/ul>\n<p><span style=\"font-size: 12pt; color: #333333;\">Une <a href=\"https:\/\/clg-cmonetbussy.fr\/index.php\/lulis\/\">ULIS<\/a> a ouvert ses portes \u00e0 la rentr\u00e9e 2014.<\/span><\/p>\n<p align=\"justify\"><span style=\"font-size: 12pt; color: #333333;\">Le coll\u00e8ge comporte <a href=\"https:\/\/clg-cmonetbussy.fr\/index.php\/la-section-sportive-athletisme\/\">une section sportive athl\u00e9tisme<\/a>.<\/span><\/p>\n<p align=\"justify\"><span style=\"font-size: 12pt; color: #333333;\">Enfin, une <a href=\"https:\/\/clg-cmonetbussy.fr\/index.php\/les-personnels-de-letablissement\/\">\u00e9quipe d&rsquo;une trentaine de professeurs<\/a>\u00a0assure les diff\u00e9rents enseignements.<\/span><\/p>\n<h3 align=\"justify\"><span style=\"font-size: 18pt; color: #000000;\">LES R\u00c9SULTATS DU COLL\u00c8GE EN QUELQUES CHIFFRES<\/span><\/h3>\n<ul>\n<li style=\"text-align: left;\"><span style=\"color: #333333;\">R\u00e9sultats au brevet des coll\u00e8ges<\/span><\/li>\n<\/ul>\n<table style=\"border-collapse: collapse; width: 58.5467%; height: 112px;\">\n<tbody>\n<tr style=\"height: 46px;\">\n<td style=\"text-align: center; border-style: solid; vertical-align: middle; height: 46px; width: 25%; background-color: #04545b;\"><strong><span style=\"color: #9fbdc1; font-size: 12pt;\">Ann\u00e9es<\/span><\/strong><\/td>\n<td style=\"text-align: center; border-style: solid; vertical-align: middle; height: 46px; width: 25%; background-color: #04545b;\"><strong><span style=\"color: #9fbdc1; font-size: 12pt;\">Taux de r\u00e9ussite<\/span><\/strong><\/td>\n<td style=\"text-align: center; border-style: solid; vertical-align: middle; height: 46px; width: 25%; background-color: #04545b;\"><strong><span style=\"color: #9fbdc1; font-size: 12pt;\">Taux de mentions<\/span><\/strong><\/td>\n<\/tr>\n<tr style=\"height: 22px;\">\n<td style=\"text-align: center; vertical-align: middle; height: 22px; width: 25%;\"><strong>2025<\/strong><\/td>\n<td style=\"text-align: center; vertical-align: middle; height: 22px; width: 25%;\">82 %<\/td>\n<td style=\"text-align: center; vertical-align: middle; height: 22px; width: 25%;\">75 %<\/td>\n<\/tr>\n<tr style=\"height: 22px;\">\n<td style=\"text-align: center; vertical-align: middle; height: 22px; width: 25%;\"><strong>2024<\/strong><\/td>\n<td style=\"text-align: center; vertical-align: middle; height: 22px; width: 25%;\">92 %<\/td>\n<td style=\"text-align: center; vertical-align: middle; height: 22px; width: 25%;\">82 %<\/td>\n<\/tr>\n<tr style=\"height: 22px;\">\n<td style=\"text-align: center; vertical-align: middle; height: 22px; width: 25%;\"><strong>2023<\/strong><\/td>\n<td style=\"text-align: center; vertical-align: middle; height: 22px; width: 25%;\">96,2 %<\/td>\n<td style=\"text-align: center; vertical-align: middle; height: 22px; width: 25%;\">82,8 %<\/td>\n<\/tr>\n<\/tbody>\n<\/table>\n<ul>\n<li>Orientation des \u00e9l\u00e8ves \u00e0 l&rsquo;issue de la 3<sup>e<\/sup><\/li>\n<\/ul>\n<table style=\"border-collapse: collapse; width: 58.7867%; height: 112px;\">\n<tbody>\n<tr style=\"height: 46px;\">\n<td style=\"text-align: center; border-style: solid; vertical-align: middle; height: 46px; width: 21.7495%; background-color: #04545b;\"><span style=\"color: #9fbdc1;\"><strong><span style=\"font-size: 12pt;\">Ann\u00e9es<\/span><\/strong><\/span><\/td>\n<td style=\"text-align: center; border-style: solid; vertical-align: middle; height: 46px; width: 23.2792%; background-color: #04545b;\"><span style=\"color: #9fbdc1;\"><strong><span style=\"font-size: 12pt;\">2<sup>nde<\/sup> GT<\/span><\/strong><\/span><\/td>\n<td style=\"text-align: center; border-style: solid; vertical-align: middle; height: 46px; width: 22.3231%; background-color: #04545b;\"><span style=\"color: #9fbdc1;\"><strong><span style=\"font-size: 12pt;\">2<sup>nde<\/sup> Pro<br \/>\n<\/span><\/strong><\/span><\/td>\n<td style=\"text-align: center; border-style: solid; vertical-align: middle; width: 21.166%; background-color: #04545b;\"><span style=\"color: #9fbdc1;\"><strong>CAP<\/strong><strong><span style=\"font-size: 12pt;\"><br \/>\n<\/span><\/strong><\/span><\/td>\n<td style=\"text-align: center; border-style: solid; vertical-align: middle; height: 46px; width: 13.14%; background-color: #04545b;\"><span style=\"color: #9fbdc1;\"><strong><span style=\"font-size: 12pt;\">Doublement<\/span><\/strong><\/span><\/td>\n<\/tr>\n<tr style=\"height: 22px;\">\n<td style=\"text-align: center; vertical-align: middle; height: 22px; width: 21.7495%;\"><strong>2025<\/strong><\/td>\n<td style=\"text-align: center; vertical-align: middle; height: 22px; width: 23.2792%;\">84,83 %<\/td>\n<td style=\"text-align: center; vertical-align: middle; height: 22px; width: 22.3231%;\">8,82 %<\/td>\n<td style=\"text-align: center; vertical-align: middle; width: 21.166%;\">6,21 %<\/td>\n<td style=\"text-align: center; vertical-align: middle; height: 22px; width: 13.14%;\">0,7 %<\/td>\n<\/tr>\n<tr style=\"height: 22px;\">\n<td style=\"text-align: center; vertical-align: middle; height: 22px; width: 21.7495%;\"><strong>2024<\/strong><\/td>\n<td style=\"text-align: center; vertical-align: middle; height: 22px; width: 23.2792%;\">89,4 %<\/td>\n<td style=\"text-align: center; vertical-align: middle; height: 22px; width: 22.3231%;\">9,41 %<\/td>\n<td style=\"text-align: center; vertical-align: middle; width: 21.166%;\">1,2%<\/td>\n<td style=\"text-align: center; vertical-align: middle; height: 22px; width: 13.14%;\">0 %<\/td>\n<\/tr>\n<tr style=\"height: 22px;\">\n<td style=\"text-align: center; vertical-align: middle; height: 22px; width: 21.7495%;\"><strong>2023<\/strong><\/td>\n<td style=\"text-align: center; vertical-align: middle; height: 22px; width: 23.2792%;\">88,4 %<\/td>\n<td style=\"text-align: center; vertical-align: middle; height: 22px; width: 22.3231%;\">8,6 %<\/td>\n<td style=\"text-align: center; vertical-align: middle; width: 21.166%;\">1,5%<\/td>\n<td style=\"text-align: center; vertical-align: middle; height: 22px; width: 13.14%;\">1,5 %<\/td>\n<\/tr>\n<\/tbody>\n<\/table>\n<h3 align=\"justify\"><span style=\"font-size: 18pt; color: #000000;\">AUTRES DONN\u00c9ES CONCERNANT LE COLL\u00c8GE<\/span><\/h3>\n<ul>\n<li><a href=\"https:\/\/annuaire-education.fr\/etablissement\/Bussy-Saint-Georges\/Coll%C3%A8ge-Claude-Monet\/0772588V.html\" target=\"_blank\" rel=\"noopener\"><span style=\"font-size: 12pt;\">https:\/\/annuaire-education.fr\/etablissement\/Bussy-Saint-Georges\/Coll%C3%A8ge-Claude-Monet\/0772588V.html<\/span><\/a><\/li>\n<\/ul>\n","protected":false},"excerpt":{"rendered":"<p>HISTORIQUE DU COLL\u00c8GE Le coll\u00e8ge Claude Monet (anciennement nomm\u00e9 Coll\u00e8ge&#8230; <a class=\"continue-reading-link\" href=\"https:\/\/clg-cmonetbussy.fr\/index.php\/presentation-du-college\/\">Lire la suite&#8230; <span class=\"meta-nav\">&rarr; <\/span><\/a><\/p>\n","protected":false},"author":1,"featured_media":0,"parent":0,"menu_order":0,"comment_status":"closed","ping_status":"closed","template":"templates\/template-onecolumn.php","meta":{"footnotes":""},"class_list":["post-123","page","type-page","status-publish","hentry"],"jetpack_sharing_enabled":true,"_links":{"self":[{"href":"https:\/\/clg-cmonetbussy.fr\/index.php\/wp-json\/wp\/v2\/pages\/123","targetHints":{"allow":["GET"]}}],"collection":[{"href":"https:\/\/clg-cmonetbussy.fr\/index.php\/wp-json\/wp\/v2\/pages"}],"about":[{"href":"https:\/\/clg-cmonetbussy.fr\/index.php\/wp-json\/wp\/v2\/types\/page"}],"author":[{"embeddable":true,"href":"https:\/\/clg-cmonetbussy.fr\/index.php\/wp-json\/wp\/v2\/users\/1"}],"replies":[{"embeddable":true,"href":"https:\/\/clg-cmonetbussy.fr\/index.php\/wp-json\/wp\/v2\/comments?post=123"}],"version-history":[{"count":67,"href":"https:\/\/clg-cmonetbussy.fr\/index.php\/wp-json\/wp\/v2\/pages\/123\/revisions"}],"predecessor-version":[{"id":2442,"href":"https:\/\/clg-cmonetbussy.fr\/index.php\/wp-json\/wp\/v2\/pages\/123\/revisions\/2442"}],"wp:attachment":[{"href":"https:\/\/clg-cmonetbussy.fr\/index.php\/wp-json\/wp\/v2\/media?parent=123"}],"curies":[{"name":"wp","href":"https:\/\/api.w.org\/{rel}","templated":true}]}}