{"id":1119,"date":"2021-09-25T19:02:03","date_gmt":"2021-09-25T17:02:03","guid":{"rendered":"http:\/\/clg-cmonetbussy.fr\/?page_id=1119"},"modified":"2021-09-25T19:04:35","modified_gmt":"2021-09-25T17:04:35","slug":"apeam","status":"publish","type":"page","link":"https:\/\/clg-cmonetbussy.fr\/index.php\/apeam\/","title":{"rendered":"APEAM"},"content":{"rendered":"<h3 style=\"text-align: center;\"><strong>Association des Parents d&rsquo;\u00c9l\u00e8ves Avenir Monet<\/strong><\/h3>\n<p style=\"text-align: center;\">Liste de parents ind\u00e9pendants<\/p>\n<p style=\"text-align: center;\"><span style=\"font-size: 14pt;\">3 chemin Hector Berlioz 77600 BUSSY-SAINT-GEORGES<\/span><\/p>\n","protected":false},"excerpt":{"rendered":"<p>Association des Parents d&rsquo;\u00c9l\u00e8ves Avenir Monet Liste de parents ind\u00e9pendants&#8230; <a class=\"continue-reading-link\" href=\"https:\/\/clg-cmonetbussy.fr\/index.php\/apeam\/\">Lire la suite&#8230; <span class=\"meta-nav\">&rarr; <\/span><\/a><\/p>\n","protected":false},"author":1,"featured_media":0,"parent":0,"menu_order":0,"comment_status":"closed","ping_status":"closed","template":"templates\/template-onecolumn.php","meta":{"footnotes":""},"class_list":["post-1119","page","type-page","status-publish","hentry"],"jetpack_sharing_enabled":true,"_links":{"self":[{"href":"https:\/\/clg-cmonetbussy.fr\/index.php\/wp-json\/wp\/v2\/pages\/1119","targetHints":{"allow":["GET"]}}],"collection":[{"href":"https:\/\/clg-cmonetbussy.fr\/index.php\/wp-json\/wp\/v2\/pages"}],"about":[{"href":"https:\/\/clg-cmonetbussy.fr\/index.php\/wp-json\/wp\/v2\/types\/page"}],"author":[{"embeddable":true,"href":"https:\/\/clg-cmonetbussy.fr\/index.php\/wp-json\/wp\/v2\/users\/1"}],"replies":[{"embeddable":true,"href":"https:\/\/clg-cmonetbussy.fr\/index.php\/wp-json\/wp\/v2\/comments?post=1119"}],"version-history":[{"count":3,"href":"https:\/\/clg-cmonetbussy.fr\/index.php\/wp-json\/wp\/v2\/pages\/1119\/revisions"}],"predecessor-version":[{"id":1122,"href":"https:\/\/clg-cmonetbussy.fr\/index.php\/wp-json\/wp\/v2\/pages\/1119\/revisions\/1122"}],"wp:attachment":[{"href":"https:\/\/clg-cmonetbussy.fr\/index.php\/wp-json\/wp\/v2\/media?parent=1119"}],"curies":[{"name":"wp","href":"https:\/\/api.w.org\/{rel}","templated":true}]}}